{"id":2,"date":"2010-02-19T21:13:37","date_gmt":"2010-02-20T00:13:37","guid":{"rendered":"https:\/\/www.gingadf.com\/blogGinga\/?page_id=2"},"modified":"2010-08-11T01:36:58","modified_gmt":"2010-08-11T04:36:58","slug":"sobre","status":"publish","type":"page","link":"https:\/\/www.gingadf.com.br\/blogGinga\/sobre\/","title":{"rendered":"Sobre"},"content":{"rendered":"<p>O GINGA-DF foi fundado em 16 de Janeiro de 2008. O grupo \u00e9 uma organiza\u00e7\u00e3o independente e sem fins lucrativos, com apoio de parceiros que tem como miss\u00e3o divulgar e incentivar uso e o desenvolvimento de TV Digital junto \u00e0 comunidade de Bras\u00edlia. A atua\u00e7\u00e3o do grupo \u00e9 focada na regi\u00e3o centro oeste, mais especificamente no Distrito Federal e entorno, mas com a internet n\u00e3o temos fronteiras.<\/p>\n<p>Este \u00e9 um espa\u00e7o dedicado a todos usu\u00e1rios que desejam se manter informados sobre TV Digital. O grupo ajuda no processo de aprendizagem no desenvolvimento de conte\u00fado interativo para TV Digital. O blog disponibiliza not\u00edcias, eventos, material para come\u00e7ar a desenvolver aplica\u00e7\u00f5es, assim como tutoriais e artigos que ajudam a ter uma boa vis\u00e3o sobre o que \u00e9 o Ginga.<\/p>\n","protected":false},"excerpt":{"rendered":"<p>O GINGA-DF foi fundado em 16 de Janeiro de 2008. O grupo \u00e9 uma organiza\u00e7\u00e3o independente e sem fins lucrativos, com apoio de parceiros que tem como miss\u00e3o divulgar e incentivar uso e o desenvolvimento de TV Digital junto \u00e0 comunidade de Bras\u00edlia. A atua\u00e7\u00e3o do grupo \u00e9 focada na regi\u00e3o centro oeste, mais especificamente [&hellip;]<\/p>\n","protected":false},"author":3,"featured_media":0,"parent":0,"menu_order":1,"comment_status":"closed","ping_status":"closed","template":"","meta":{"footnotes":""},"class_list":["post-2","page","type-page","status-publish","hentry"],"_links":{"self":[{"href":"https:\/\/www.gingadf.com.br\/blogGinga\/wp-json\/wp\/v2\/pages\/2","targetHints":{"allow":["GET"]}}],"collection":[{"href":"https:\/\/www.gingadf.com.br\/blogGinga\/wp-json\/wp\/v2\/pages"}],"about":[{"href":"https:\/\/www.gingadf.com.br\/blogGinga\/wp-json\/wp\/v2\/types\/page"}],"author":[{"embeddable":true,"href":"https:\/\/www.gingadf.com.br\/blogGinga\/wp-json\/wp\/v2\/users\/3"}],"replies":[{"embeddable":true,"href":"https:\/\/www.gingadf.com.br\/blogGinga\/wp-json\/wp\/v2\/comments?post=2"}],"version-history":[{"count":5,"href":"https:\/\/www.gingadf.com.br\/blogGinga\/wp-json\/wp\/v2\/pages\/2\/revisions"}],"predecessor-version":[{"id":1129,"href":"https:\/\/www.gingadf.com.br\/blogGinga\/wp-json\/wp\/v2\/pages\/2\/revisions\/1129"}],"wp:attachment":[{"href":"https:\/\/www.gingadf.com.br\/blogGinga\/wp-json\/wp\/v2\/media?parent=2"}],"curies":[{"name":"wp","href":"https:\/\/api.w.org\/{rel}","templated":true}]}}