{"id":198,"date":"2010-02-21T20:36:58","date_gmt":"2010-02-21T23:36:58","guid":{"rendered":"https:\/\/www.gingadf.com\/blogGinga\/?page_id=198"},"modified":"2020-12-16T10:43:30","modified_gmt":"2020-12-16T13:43:30","slug":"contato","status":"publish","type":"page","link":"https:\/\/www.gingadf.com.br\/blogGinga\/contato\/","title":{"rendered":"Contato"},"content":{"rendered":"<p>Para informa\u00e7\u00f5es entrar em contato pelo n\u00famero 61-98111-7659.<\/p>\n","protected":false},"excerpt":{"rendered":"<p>Para informa\u00e7\u00f5es entrar em contato pelo n\u00famero 61-98111-7659.<\/p>\n","protected":false},"author":3,"featured_media":0,"parent":0,"menu_order":4,"comment_status":"closed","ping_status":"closed","template":"","meta":{"footnotes":""},"class_list":["post-198","page","type-page","status-publish","hentry"],"_links":{"self":[{"href":"https:\/\/www.gingadf.com.br\/blogGinga\/wp-json\/wp\/v2\/pages\/198","targetHints":{"allow":["GET"]}}],"collection":[{"href":"https:\/\/www.gingadf.com.br\/blogGinga\/wp-json\/wp\/v2\/pages"}],"about":[{"href":"https:\/\/www.gingadf.com.br\/blogGinga\/wp-json\/wp\/v2\/types\/page"}],"author":[{"embeddable":true,"href":"https:\/\/www.gingadf.com.br\/blogGinga\/wp-json\/wp\/v2\/users\/3"}],"replies":[{"embeddable":true,"href":"https:\/\/www.gingadf.com.br\/blogGinga\/wp-json\/wp\/v2\/comments?post=198"}],"version-history":[{"count":19,"href":"https:\/\/www.gingadf.com.br\/blogGinga\/wp-json\/wp\/v2\/pages\/198\/revisions"}],"predecessor-version":[{"id":3677,"href":"https:\/\/www.gingadf.com.br\/blogGinga\/wp-json\/wp\/v2\/pages\/198\/revisions\/3677"}],"wp:attachment":[{"href":"https:\/\/www.gingadf.com.br\/blogGinga\/wp-json\/wp\/v2\/media?parent=198"}],"curies":[{"name":"wp","href":"https:\/\/api.w.org\/{rel}","templated":true}]}}